{"id":11,"date":"2017-12-30T23:06:44","date_gmt":"2017-12-30T23:06:44","guid":{"rendered":"https:\/\/hpkadministraties.nl\/?page_id=11"},"modified":"2018-02-09T11:36:41","modified_gmt":"2018-02-09T11:36:41","slug":"over-ons","status":"publish","type":"page","link":"https:\/\/hpkadministraties.nl\/es\/over-ons\/","title":{"rendered":"Acerca de HpK"},"content":{"rendered":"<p><img loading=\"lazy\" decoding=\"async\" class=\"alignnone wp-image-128 size-full\" src=\"https:\/\/hpkadministraties.nl\/wp-content\/uploads\/2018\/01\/HpK-over-ons.jpg\" alt=\"\" width=\"960\" height=\"319\" srcset=\"https:\/\/hpkadministraties.nl\/wp-content\/uploads\/2018\/01\/HpK-over-ons.jpg 960w, https:\/\/hpkadministraties.nl\/wp-content\/uploads\/2018\/01\/HpK-over-ons-300x100.jpg 300w, https:\/\/hpkadministraties.nl\/wp-content\/uploads\/2018\/01\/HpK-over-ons-768x255.jpg 768w\" sizes=\"auto, (max-width: 960px) 100vw, 960px\" \/><\/p>\n<p>HpK Administraties fue fundada por Harry Kleijn a principios del a\u00f1o 2017. Harry tiene un largo historial econ\u00f3mico y financiero. Comenz\u00f3 su carrera en un prestigioso banco de \u00c1msterdam, donde trabaj\u00f3 durante muchos a\u00f1os como analista de inversiones y administrador de activos. M\u00e1s tarde, cambi\u00f3 su trabajo permanente por un trabajo independiente (freelance), como analista de mercado para una firma inglesa de investigaci\u00f3n de mercado establecida en Santo Domingo, Rep\u00fablica Dominicana.<\/p>\n<p>Despu\u00e9s de su regreso a Holanda, trabaj\u00f3 en 2 oficinas administrativas de peque\u00f1a escala y en una agencia municipal de ayuda para personas endeudadas.<br \/>\nHarry utiliza su especialidad y experiencia en HpK para asesorar a las personas en todo lo necesario para ser o convertirse en un exitoso empresario independiente. Tambi\u00e9n ayuda a particulares a resolver sus problemas administrativas.<\/p>\n<p>Harry: \u00abDesde mi \u00e9poca de estudiante tengo conocimientos del idioma espanol. Asimismo, he vivido y trabajado en Santo Domingo, Rep\u00fablica Dominicana durante algunos a\u00f1os. Como resultado, he absorbido la cultura latinoamericana y puedo desenvolverme muy bien en la comunidad latina de aqu\u00ed en Holanda. Es por eso que tambi\u00e9n soy la persona indicada para ayudar a todos los latinos que enfrentan asuntos fiscales y regulaciones complejas de agencias gubernamentales en Holanda\u00bb.<\/p>\n<p>&nbsp;<\/p>","protected":false},"excerpt":{"rendered":"<p>HpK Administraties fue fundada por Harry Kleijn a principios del a\u00f1o 2017. Harry tiene un largo historial econ\u00f3mico y financiero. Comenz\u00f3 su carrera en un prestigioso banco de \u00c1msterdam, donde trabaj\u00f3 durante muchos a\u00f1os como analista de inversiones y administrador de activos. M\u00e1s tarde, cambi\u00f3 su trabajo permanente por un trabajo independiente (freelance), como analista [&hellip;]<\/p>\n","protected":false},"author":1,"featured_media":0,"parent":0,"menu_order":0,"comment_status":"closed","ping_status":"closed","template":"","meta":{"jetpack_post_was_ever_published":false,"footnotes":""},"class_list":["post-11","page","type-page","status-publish","czr-hentry"],"jetpack_sharing_enabled":true,"jetpack_shortlink":"https:\/\/wp.me\/PaTYS3-b","_links":{"self":[{"href":"https:\/\/hpkadministraties.nl\/es\/wp-json\/wp\/v2\/pages\/11","targetHints":{"allow":["GET"]}}],"collection":[{"href":"https:\/\/hpkadministraties.nl\/es\/wp-json\/wp\/v2\/pages"}],"about":[{"href":"https:\/\/hpkadministraties.nl\/es\/wp-json\/wp\/v2\/types\/page"}],"author":[{"embeddable":true,"href":"https:\/\/hpkadministraties.nl\/es\/wp-json\/wp\/v2\/users\/1"}],"replies":[{"embeddable":true,"href":"https:\/\/hpkadministraties.nl\/es\/wp-json\/wp\/v2\/comments?post=11"}],"version-history":[{"count":5,"href":"https:\/\/hpkadministraties.nl\/es\/wp-json\/wp\/v2\/pages\/11\/revisions"}],"predecessor-version":[{"id":254,"href":"https:\/\/hpkadministraties.nl\/es\/wp-json\/wp\/v2\/pages\/11\/revisions\/254"}],"wp:attachment":[{"href":"https:\/\/hpkadministraties.nl\/es\/wp-json\/wp\/v2\/media?parent=11"}],"curies":[{"name":"wp","href":"https:\/\/api.w.org\/{rel}","templated":true}]}}