{"id":12,"date":"2017-12-30T23:06:44","date_gmt":"2017-12-30T23:06:44","guid":{"rendered":"https:\/\/hpkadministraties.nl\/?page_id=12"},"modified":"2018-02-09T11:26:35","modified_gmt":"2018-02-09T11:26:35","slug":"contact","status":"publish","type":"page","link":"https:\/\/hpkadministraties.nl\/es\/contact\/","title":{"rendered":"Contacto"},"content":{"rendered":"<p>\u00bfEst\u00e1 usted interesado en mis servicios o desea m\u00e1s informaci\u00f3n? \u00bfTiene curiosidad acerca de lo que puedo significar para usted y de cu\u00e1les son los costos implicados? Llene el formulario de contacto sin compromiso alguno. Me pondr\u00e9 en contacto con usted lo antes posible.<\/p>\n<p style=\"text-align: center;\">\n<div class=\"wpcf7 no-js\" id=\"wpcf7-f67-o2\" lang=\"nl-NL\" dir=\"ltr\" data-wpcf7-id=\"67\">\n<div class=\"screen-reader-response\"><p role=\"status\" aria-live=\"polite\" aria-atomic=\"true\"><\/p> <ul><\/ul><\/div>\n<form action=\"\/es\/wp-json\/wp\/v2\/pages\/12#wpcf7-f67-o2\" method=\"post\" class=\"wpcf7-form init\" aria-label=\"Contactformulier\" novalidate=\"novalidate\" data-status=\"init\">\n<fieldset class=\"hidden-fields-container\"><input type=\"hidden\" name=\"_wpcf7\" value=\"67\" \/><input type=\"hidden\" name=\"_wpcf7_version\" value=\"6.1.5\" \/><input type=\"hidden\" name=\"_wpcf7_locale\" value=\"nl_NL\" \/><input type=\"hidden\" name=\"_wpcf7_unit_tag\" value=\"wpcf7-f67-o2\" \/><input type=\"hidden\" name=\"_wpcf7_container_post\" value=\"0\" \/><input type=\"hidden\" name=\"_wpcf7_posted_data_hash\" value=\"\" \/>\n<\/fieldset>\n<p><label> Nombre (obligatorio)<br \/>\n<span class=\"wpcf7-form-control-wrap\" data-name=\"your-name\"><input size=\"40\" maxlength=\"400\" class=\"wpcf7-form-control wpcf7-text wpcf7-validates-as-required\" aria-required=\"true\" aria-invalid=\"false\" value=\"\" type=\"text\" name=\"your-name\" \/><\/span> <\/label>\n<\/p>\n<p><label> e-mail (obligatorio)<br \/>\n<span class=\"wpcf7-form-control-wrap\" data-name=\"your-email\"><input size=\"40\" maxlength=\"400\" class=\"wpcf7-form-control wpcf7-email wpcf7-validates-as-required wpcf7-text wpcf7-validates-as-email\" aria-required=\"true\" aria-invalid=\"false\" value=\"\" type=\"email\" name=\"your-email\" \/><\/span> <\/label>\n<\/p>\n<p><label> Asunto<br \/>\n<span class=\"wpcf7-form-control-wrap\" data-name=\"your-subject\"><input size=\"40\" maxlength=\"400\" class=\"wpcf7-form-control wpcf7-text\" aria-invalid=\"false\" value=\"\" type=\"text\" name=\"your-subject\" \/><\/span> <\/label>\n<\/p>\n<p><label> Mensaje (obligatorio)<br \/>\n<span class=\"wpcf7-form-control-wrap\" data-name=\"your-message\"><textarea cols=\"40\" rows=\"10\" maxlength=\"2000\" class=\"wpcf7-form-control wpcf7-textarea wpcf7-validates-as-required\" aria-required=\"true\" aria-invalid=\"false\" name=\"your-message\"><\/textarea><\/span> <\/label>\n<\/p>\n<p><span class=\"wpcf7-form-control-wrap\" data-name=\"quiz-524\"><label><span class=\"wpcf7-quiz-label\">\u00bfCu\u00e1l es la capital de Espa\u00f1a?<\/span> <input size=\"40\" class=\"wpcf7-form-control wpcf7-quiz\" autocomplete=\"off\" aria-required=\"true\" aria-invalid=\"false\" type=\"text\" name=\"quiz-524\" \/><\/label><input type=\"hidden\" name=\"_wpcf7_quiz_answer_quiz-524\" value=\"475f81b9f1bd3da5d820fc8c493a18a2\" \/><\/span>\n<\/p>\n<p><span id=\"wpcf7-69e4ad5250d1a-wrapper\" class=\"wpcf7-form-control-wrap email-383-wrap\" style=\"display:none !important; visibility:hidden !important;\"><label for=\"wpcf7-69e4ad5250d1a-field\" class=\"hp-message\">Gelieve dit veld leeg te laten.<\/label><input id=\"wpcf7-69e4ad5250d1a-field\"  class=\"wpcf7-form-control wpcf7-text\" type=\"text\" name=\"email-383\" value=\"\" size=\"40\" tabindex=\"-1\" autocomplete=\"off\" \/><\/span>\n<\/p>\n<p><input class=\"wpcf7-form-control wpcf7-submit has-spinner\" type=\"submit\" value=\"Enviar\" \/>\n<\/p><div class=\"wpcf7-response-output\" aria-hidden=\"true\"><\/div>\n<\/form>\n<\/div>\n<\/p>\n<p><\/p>","protected":false},"excerpt":{"rendered":"<p>\u00bfEst\u00e1 usted interesado en mis servicios o desea m\u00e1s informaci\u00f3n? \u00bfTiene curiosidad acerca de lo que puedo significar para usted y de cu\u00e1les son los costos implicados? Llene el formulario de contacto sin compromiso alguno. Me pondr\u00e9 en contacto con usted lo antes posible.<\/p>\n","protected":false},"author":1,"featured_media":0,"parent":0,"menu_order":0,"comment_status":"closed","ping_status":"closed","template":"","meta":{"jetpack_post_was_ever_published":false,"footnotes":""},"class_list":["post-12","page","type-page","status-publish","czr-hentry"],"jetpack_sharing_enabled":true,"jetpack_shortlink":"https:\/\/wp.me\/PaTYS3-c","_links":{"self":[{"href":"https:\/\/hpkadministraties.nl\/es\/wp-json\/wp\/v2\/pages\/12","targetHints":{"allow":["GET"]}}],"collection":[{"href":"https:\/\/hpkadministraties.nl\/es\/wp-json\/wp\/v2\/pages"}],"about":[{"href":"https:\/\/hpkadministraties.nl\/es\/wp-json\/wp\/v2\/types\/page"}],"author":[{"embeddable":true,"href":"https:\/\/hpkadministraties.nl\/es\/wp-json\/wp\/v2\/users\/1"}],"replies":[{"embeddable":true,"href":"https:\/\/hpkadministraties.nl\/es\/wp-json\/wp\/v2\/comments?post=12"}],"version-history":[{"count":5,"href":"https:\/\/hpkadministraties.nl\/es\/wp-json\/wp\/v2\/pages\/12\/revisions"}],"predecessor-version":[{"id":248,"href":"https:\/\/hpkadministraties.nl\/es\/wp-json\/wp\/v2\/pages\/12\/revisions\/248"}],"wp:attachment":[{"href":"https:\/\/hpkadministraties.nl\/es\/wp-json\/wp\/v2\/media?parent=12"}],"curies":[{"name":"wp","href":"https:\/\/api.w.org\/{rel}","templated":true}]}}