{"id":80,"date":"2018-01-02T08:11:33","date_gmt":"2018-01-02T08:11:33","guid":{"rendered":"https:\/\/hpkadministraties.nl\/?page_id=80"},"modified":"2018-02-09T11:34:30","modified_gmt":"2018-02-09T11:34:30","slug":"belastingen","status":"publish","type":"page","link":"https:\/\/hpkadministraties.nl\/es\/belastingen\/","title":{"rendered":"Impuestos"},"content":{"rendered":"<p><img loading=\"lazy\" decoding=\"async\" class=\"alignnone wp-image-111 size-full\" src=\"https:\/\/hpkadministraties.nl\/wp-content\/uploads\/2018\/01\/accounting-761599_960_720.jpg\" alt=\"\" width=\"960\" height=\"687\" srcset=\"https:\/\/hpkadministraties.nl\/wp-content\/uploads\/2018\/01\/accounting-761599_960_720.jpg 960w, https:\/\/hpkadministraties.nl\/wp-content\/uploads\/2018\/01\/accounting-761599_960_720-300x215.jpg 300w, https:\/\/hpkadministraties.nl\/wp-content\/uploads\/2018\/01\/accounting-761599_960_720-768x550.jpg 768w\" sizes=\"auto, (max-width: 960px) 100vw, 960px\" \/><\/p>\n<p>HpK Administraties garantiza la declaraci\u00f3n correcta y oportuna de los impuestos y otras comunicaciones requeridas por las autoridades tributarias:<\/p>\n<ul>\n<li>Declaraci\u00f3n de impuestos por concepto de ventas (btw)<\/li>\n<li>Declaraci\u00f3n del impuesto sobre la renta<\/li>\n<li>Env\u00edo de reposiciones a las declaraciones de impuestos, solicitud de pagos a plazo y presentaci\u00f3n de objeciones<\/li>\n<li>Solicitud y control de las ayudas gubernamentales (en caso de un seguro medico, una casa aquilada o ni\u00f1os)<\/li>\n<\/ul>\n<p>&nbsp;<\/p>","protected":false},"excerpt":{"rendered":"<p>HpK Administraties garantiza la declaraci\u00f3n correcta y oportuna de los impuestos y otras comunicaciones requeridas por las autoridades tributarias: Declaraci\u00f3n de impuestos por concepto de ventas (btw) Declaraci\u00f3n del impuesto sobre la renta Env\u00edo de reposiciones a las declaraciones de impuestos, solicitud de pagos a plazo y presentaci\u00f3n de objeciones Solicitud y control de las [&hellip;]<\/p>\n","protected":false},"author":1,"featured_media":185,"parent":0,"menu_order":0,"comment_status":"closed","ping_status":"closed","template":"","meta":{"jetpack_post_was_ever_published":false,"footnotes":""},"class_list":["post-80","page","type-page","status-publish","has-post-thumbnail","czr-hentry"],"jetpack_sharing_enabled":true,"jetpack_shortlink":"https:\/\/wp.me\/PaTYS3-1i","_links":{"self":[{"href":"https:\/\/hpkadministraties.nl\/es\/wp-json\/wp\/v2\/pages\/80","targetHints":{"allow":["GET"]}}],"collection":[{"href":"https:\/\/hpkadministraties.nl\/es\/wp-json\/wp\/v2\/pages"}],"about":[{"href":"https:\/\/hpkadministraties.nl\/es\/wp-json\/wp\/v2\/types\/page"}],"author":[{"embeddable":true,"href":"https:\/\/hpkadministraties.nl\/es\/wp-json\/wp\/v2\/users\/1"}],"replies":[{"embeddable":true,"href":"https:\/\/hpkadministraties.nl\/es\/wp-json\/wp\/v2\/comments?post=80"}],"version-history":[{"count":5,"href":"https:\/\/hpkadministraties.nl\/es\/wp-json\/wp\/v2\/pages\/80\/revisions"}],"predecessor-version":[{"id":252,"href":"https:\/\/hpkadministraties.nl\/es\/wp-json\/wp\/v2\/pages\/80\/revisions\/252"}],"wp:featuredmedia":[{"embeddable":true,"href":"https:\/\/hpkadministraties.nl\/es\/wp-json\/wp\/v2\/media\/185"}],"wp:attachment":[{"href":"https:\/\/hpkadministraties.nl\/es\/wp-json\/wp\/v2\/media?parent=80"}],"curies":[{"name":"wp","href":"https:\/\/api.w.org\/{rel}","templated":true}]}}